{"id":53,"date":"2026-01-12T18:39:37","date_gmt":"2026-01-12T17:39:37","guid":{"rendered":"http:\/\/128.127.180.69\/?page_id=53"},"modified":"2026-01-24T14:40:48","modified_gmt":"2026-01-24T13:40:48","slug":"tarif-impact","status":"publish","type":"page","link":"https:\/\/tarifimpact.be\/de\/","title":{"rendered":"Tarif Impact"},"content":{"rendered":"\n<div class=\"wp-block-group is-horizontal is-nowrap is-layout-flex wp-container-core-group-is-layout-41b81202 wp-block-group-is-layout-flex\">\n<div class=\"wp-block-group is-vertical is-content-justification-stretch is-nowrap is-layout-flex wp-container-core-group-is-layout-e4982712 wp-block-group-is-layout-flex\">\n<h1 class=\"wp-block-heading\">Impact-Tarif<\/h1>\n\n\n\n<h3 class=\"wp-block-heading\">Ein neuer Verteilungstarif, eine flexible Option zur Kontrolle Ihrer Netzkosten!<\/h3>\n\n\n\n<div class=\"wp-block-buttons is-layout-flex wp-block-buttons-is-layout-flex\">\n<div class=\"wp-block-button\"><a class=\"wp-block-button__link has-white-color has-luminous-vivid-amber-background-color has-text-color has-background has-link-color has-medium-font-size has-custom-font-size wp-element-button\" href=\"https:\/\/tarifimpact.be\/de\/test-powerbi-impact\/\" style=\"border-top-left-radius:50px;border-top-right-radius:50px;border-bottom-left-radius:50px;border-bottom-right-radius:50px;font-style:normal;font-weight:700\">Ist der Impact-Tarif das Richtige f\u00fcr Sie? Machen Sie den Test!<\/a><\/div>\n<\/div>\n\n\n\n<p>Um diesen Tarif zu w\u00e4hlen, m\u00fcssen Sie \u00fcber einen aktivierten Kommunikationsz\u00e4hler verf\u00fcgen und Ihre Wahl Ihrem Stromversorger mitteilen. Das Tool ist f\u00fcr Haushalte konzipiert, die zu Hause Strom verbrauchen.<br>Der Impact-Tarif ist besonders interessant, wenn Ihr Haushalt aus mindestens 4 Personen besteht und Sie bestimmte Stromverbrauchsgewohnheiten im Laufe des Tages anpassen k\u00f6nnen.<\/p>\n<\/div>\n\n\n\n<div class=\"wp-block-group is-vertical is-content-justification-stretch is-layout-flex wp-container-core-group-is-layout-b16ad781 wp-block-group-is-layout-flex\">\n<figure class=\"wp-block-image size-full\"><img loading=\"lazy\" decoding=\"async\" width=\"285\" height=\"288\" src=\"http:\/\/128.127.180.69\/wp-content\/uploads\/2026\/01\/VOITURE_HIGHER_RES-3.png\" alt=\"\" class=\"wp-image-46\"\/><\/figure>\n<\/div>\n<\/div>\n\n\n\n<p><\/p>\n","protected":false},"excerpt":{"rendered":"<p>Impact-Tarif Ein neuer Verteilungstarif, eine flexible Option zur Kontrolle Ihrer Netzkosten! Um diesen Tarif zu w\u00e4hlen, m\u00fcssen Sie \u00fcber einen aktivierten Kommunikationsz\u00e4hler verf\u00fcgen und Ihre Wahl Ihrem Stromversorger mitteilen. Das Tool ist f\u00fcr Haushalte konzipiert, die zu Hause Strom verbrauchen.Der Impact-Tarif ist besonders interessant, wenn Ihr Haushalt aus mindestens 4 Personen besteht und Sie bestimmte [&hellip;]<\/p>\n","protected":false},"author":1,"featured_media":0,"parent":0,"menu_order":0,"comment_status":"closed","ping_status":"closed","template":"","meta":{"footnotes":""},"class_list":["post-53","page","type-page","status-publish","hentry"],"_links":{"self":[{"href":"https:\/\/tarifimpact.be\/de\/wp-json\/wp\/v2\/pages\/53","targetHints":{"allow":["GET"]}}],"collection":[{"href":"https:\/\/tarifimpact.be\/de\/wp-json\/wp\/v2\/pages"}],"about":[{"href":"https:\/\/tarifimpact.be\/de\/wp-json\/wp\/v2\/types\/page"}],"author":[{"embeddable":true,"href":"https:\/\/tarifimpact.be\/de\/wp-json\/wp\/v2\/users\/1"}],"replies":[{"embeddable":true,"href":"https:\/\/tarifimpact.be\/de\/wp-json\/wp\/v2\/comments?post=53"}],"version-history":[{"count":2,"href":"https:\/\/tarifimpact.be\/de\/wp-json\/wp\/v2\/pages\/53\/revisions"}],"predecessor-version":[{"id":93,"href":"https:\/\/tarifimpact.be\/de\/wp-json\/wp\/v2\/pages\/53\/revisions\/93"}],"wp:attachment":[{"href":"https:\/\/tarifimpact.be\/de\/wp-json\/wp\/v2\/media?parent=53"}],"curies":[{"name":"wp","href":"https:\/\/api.w.org\/{rel}","templated":true}]}}